{"id":22105,"date":"2025-12-22T21:42:16","date_gmt":"2025-12-22T18:42:16","guid":{"rendered":"https:\/\/temposaat.com\/?post_type=product&#038;p=22105"},"modified":"2025-12-22T21:42:17","modified_gmt":"2025-12-22T18:42:17","slug":"dp-203-d","status":"publish","type":"product","link":"https:\/\/temposaat.com\/en\/product\/dp-203-d\/","title":{"rendered":"DP-203-D"},"content":{"rendered":"<p>\u00dcr\u00fcn Ebad\u0131: 350 mm<\/p>\n<p>Alim\u00fcnyum \u00c7er\u00e7eve, Mineral Cam<\/p>\n<p>Sessiz Akar Mekanizma<\/p>\n<p>Kol \u0130\u00e7i Adeti: 20<\/p>\n<p>Kadran Ebad\u0131: 311 mm<\/p>","protected":false},"excerpt":{"rendered":"<p>\u00dcr\u00fcn Ebad\u0131: 350 mm Alim\u00fcnyum \u00c7er\u00e7eve, Mineral Cam Sessiz Akar Mekanizma Kol \u0130\u00e7i Adeti: 20 Kadran Ebad\u0131: 311 mm<\/p>","protected":false},"featured_media":22106,"comment_status":"open","ping_status":"closed","template":"","meta":{"_monsterinsights_skip_tracking":false,"_monsterinsights_sitenote_active":false,"_monsterinsights_sitenote_note":"","_monsterinsights_sitenote_category":0},"product_brand":[],"product_cat":[256],"product_tag":[],"class_list":{"0":"post-22105","1":"product","2":"type-product","3":"status-publish","4":"has-post-thumbnail","6":"product_cat-parlak-metal-duvar-saatleri","8":"first","9":"instock","10":"shipping-taxable","11":"product-type-simple","12":"add-to-wishlist-after_add_to_cart"},"aioseo_notices":[],"_links":{"self":[{"href":"https:\/\/temposaat.com\/en\/wp-json\/wp\/v2\/product\/22105","targetHints":{"allow":["GET"]}}],"collection":[{"href":"https:\/\/temposaat.com\/en\/wp-json\/wp\/v2\/product"}],"about":[{"href":"https:\/\/temposaat.com\/en\/wp-json\/wp\/v2\/types\/product"}],"replies":[{"embeddable":true,"href":"https:\/\/temposaat.com\/en\/wp-json\/wp\/v2\/comments?post=22105"}],"wp:featuredmedia":[{"embeddable":true,"href":"https:\/\/temposaat.com\/en\/wp-json\/wp\/v2\/media\/22106"}],"wp:attachment":[{"href":"https:\/\/temposaat.com\/en\/wp-json\/wp\/v2\/media?parent=22105"}],"wp:term":[{"taxonomy":"product_brand","embeddable":true,"href":"https:\/\/temposaat.com\/en\/wp-json\/wp\/v2\/product_brand?post=22105"},{"taxonomy":"product_cat","embeddable":true,"href":"https:\/\/temposaat.com\/en\/wp-json\/wp\/v2\/product_cat?post=22105"},{"taxonomy":"product_tag","embeddable":true,"href":"https:\/\/temposaat.com\/en\/wp-json\/wp\/v2\/product_tag?post=22105"}],"curies":[{"name":"wp","href":"https:\/\/api.w.org\/{rel}","templated":true}]}}