{"id":21953,"date":"2025-12-21T17:21:52","date_gmt":"2025-12-21T14:21:52","guid":{"rendered":"https:\/\/temposaat.com\/?post_type=product&#038;p=21953"},"modified":"2025-12-21T17:21:52","modified_gmt":"2025-12-21T14:21:52","slug":"dp-201-alum","status":"publish","type":"product","link":"https:\/\/temposaat.com\/en\/product\/dp-201-alum\/","title":{"rendered":"DP-201-AL\u00dcM."},"content":{"rendered":"<p>\u00dcr\u00fcn Ebad\u0131: 250 mm<\/p>\n<p>Aliminyum \u00c7er\u00e7eve,<\/p>\n<p>Mineral Cam<\/p>\n<p>Sessiz Akar Mekanizma<\/p>\n<p>Kol \u0130\u00e7i Adeti: 20<\/p>\n<p>Kadran Ebad\u0131: 221 mm<\/p>","protected":false},"excerpt":{"rendered":"<p>\u00dcr\u00fcn Ebad\u0131: 250 mm Aliminyum \u00c7er\u00e7eve, Mineral Cam Sessiz Akar Mekanizma Kol \u0130\u00e7i Adeti: 20 Kadran Ebad\u0131: 221 mm<\/p>","protected":false},"featured_media":21954,"comment_status":"open","ping_status":"closed","template":"","meta":{"_monsterinsights_skip_tracking":false,"_monsterinsights_sitenote_active":false,"_monsterinsights_sitenote_note":"","_monsterinsights_sitenote_category":0},"product_brand":[],"product_cat":[181],"product_tag":[],"class_list":{"0":"post-21953","1":"product","2":"type-product","3":"status-publish","4":"has-post-thumbnail","6":"product_cat-promosyonluk-duvar-saatleri","8":"first","9":"instock","10":"shipping-taxable","11":"product-type-simple","12":"add-to-wishlist-after_add_to_cart"},"aioseo_notices":[],"_links":{"self":[{"href":"https:\/\/temposaat.com\/en\/wp-json\/wp\/v2\/product\/21953","targetHints":{"allow":["GET"]}}],"collection":[{"href":"https:\/\/temposaat.com\/en\/wp-json\/wp\/v2\/product"}],"about":[{"href":"https:\/\/temposaat.com\/en\/wp-json\/wp\/v2\/types\/product"}],"replies":[{"embeddable":true,"href":"https:\/\/temposaat.com\/en\/wp-json\/wp\/v2\/comments?post=21953"}],"wp:featuredmedia":[{"embeddable":true,"href":"https:\/\/temposaat.com\/en\/wp-json\/wp\/v2\/media\/21954"}],"wp:attachment":[{"href":"https:\/\/temposaat.com\/en\/wp-json\/wp\/v2\/media?parent=21953"}],"wp:term":[{"taxonomy":"product_brand","embeddable":true,"href":"https:\/\/temposaat.com\/en\/wp-json\/wp\/v2\/product_brand?post=21953"},{"taxonomy":"product_cat","embeddable":true,"href":"https:\/\/temposaat.com\/en\/wp-json\/wp\/v2\/product_cat?post=21953"},{"taxonomy":"product_tag","embeddable":true,"href":"https:\/\/temposaat.com\/en\/wp-json\/wp\/v2\/product_tag?post=21953"}],"curies":[{"name":"wp","href":"https:\/\/api.w.org\/{rel}","templated":true}]}}