{"id":21891,"date":"2025-12-21T15:59:45","date_gmt":"2025-12-21T12:59:45","guid":{"rendered":"https:\/\/temposaat.com\/?post_type=product&#038;p=21891"},"modified":"2025-12-21T15:59:45","modified_gmt":"2025-12-21T12:59:45","slug":"5001","status":"publish","type":"product","link":"https:\/\/temposaat.com\/en\/product\/5001\/","title":{"rendered":"5001"},"content":{"rendered":"<p>\u00dcr\u00fcn Ebad\u0131: 120 mm<\/p>\n<p>Akrilik Boya, Akrilik Cam<\/p>\n<p>Standart Mekanizma<\/p>\n<p>Kol \u0130\u00e7i Adeti: 100-200<\/p>\n<p>Kadran Ebad\u0131: 79 mm<\/p>","protected":false},"excerpt":{"rendered":"<p>\u00dcr\u00fcn Ebad\u0131: 120 mm Akrilik Boya, Akrilik Cam Standart Mekanizma Kol \u0130\u00e7i Adeti: 100-200 Kadran Ebad\u0131: 79 mm<\/p>","protected":false},"featured_media":21892,"comment_status":"open","ping_status":"closed","template":"","meta":{"_monsterinsights_skip_tracking":false,"_monsterinsights_sitenote_active":false,"_monsterinsights_sitenote_note":"","_monsterinsights_sitenote_category":0},"product_brand":[],"product_cat":[181],"product_tag":[],"class_list":{"0":"post-21891","1":"product","2":"type-product","3":"status-publish","4":"has-post-thumbnail","6":"product_cat-promosyonluk-duvar-saatleri","8":"first","9":"instock","10":"shipping-taxable","11":"product-type-simple","12":"add-to-wishlist-after_add_to_cart"},"aioseo_notices":[],"_links":{"self":[{"href":"https:\/\/temposaat.com\/en\/wp-json\/wp\/v2\/product\/21891","targetHints":{"allow":["GET"]}}],"collection":[{"href":"https:\/\/temposaat.com\/en\/wp-json\/wp\/v2\/product"}],"about":[{"href":"https:\/\/temposaat.com\/en\/wp-json\/wp\/v2\/types\/product"}],"replies":[{"embeddable":true,"href":"https:\/\/temposaat.com\/en\/wp-json\/wp\/v2\/comments?post=21891"}],"wp:featuredmedia":[{"embeddable":true,"href":"https:\/\/temposaat.com\/en\/wp-json\/wp\/v2\/media\/21892"}],"wp:attachment":[{"href":"https:\/\/temposaat.com\/en\/wp-json\/wp\/v2\/media?parent=21891"}],"wp:term":[{"taxonomy":"product_brand","embeddable":true,"href":"https:\/\/temposaat.com\/en\/wp-json\/wp\/v2\/product_brand?post=21891"},{"taxonomy":"product_cat","embeddable":true,"href":"https:\/\/temposaat.com\/en\/wp-json\/wp\/v2\/product_cat?post=21891"},{"taxonomy":"product_tag","embeddable":true,"href":"https:\/\/temposaat.com\/en\/wp-json\/wp\/v2\/product_tag?post=21891"}],"curies":[{"name":"wp","href":"https:\/\/api.w.org\/{rel}","templated":true}]}}