{"id":21836,"date":"2025-12-20T15:50:44","date_gmt":"2025-12-20T12:50:44","guid":{"rendered":"https:\/\/temposaat.com\/?post_type=product&#038;p=21836"},"modified":"2025-12-20T15:50:44","modified_gmt":"2025-12-20T12:50:44","slug":"bl-1071-a7","status":"publish","type":"product","link":"https:\/\/temposaat.com\/en\/product\/bl-1071-a7\/","title":{"rendered":"BL-1071-A7"},"content":{"rendered":"<p>\u00dcr\u00fcn Ebad\u0131: 300 x 350 mm<\/p>\n<p>Mineral Cam<\/p>\n<p>Akar Mekanizma<\/p>\n<p>Kol \u0130\u00e7i Adeti: 10-20<\/p>\n<p>Kadran Ebad\u0131: 197 x 247 mm<\/p>","protected":false},"excerpt":{"rendered":"<p>\u00dcr\u00fcn Ebad\u0131: 300 x 350 mm Mineral Cam Akar Mekanizma Kol \u0130\u00e7i Adeti: 10-20 Kadran Ebad\u0131: 197 x 247 mm<\/p>","protected":false},"featured_media":21837,"comment_status":"open","ping_status":"closed","template":"","meta":{"_monsterinsights_skip_tracking":false,"_monsterinsights_sitenote_active":false,"_monsterinsights_sitenote_note":"","_monsterinsights_sitenote_category":0},"product_brand":[],"product_cat":[179],"product_tag":[],"class_list":{"0":"post-21836","1":"product","2":"type-product","3":"status-publish","4":"has-post-thumbnail","6":"product_cat-bellisima-ayetli-modeller","8":"first","9":"instock","10":"shipping-taxable","11":"product-type-simple","12":"add-to-wishlist-after_add_to_cart"},"aioseo_notices":[],"_links":{"self":[{"href":"https:\/\/temposaat.com\/en\/wp-json\/wp\/v2\/product\/21836","targetHints":{"allow":["GET"]}}],"collection":[{"href":"https:\/\/temposaat.com\/en\/wp-json\/wp\/v2\/product"}],"about":[{"href":"https:\/\/temposaat.com\/en\/wp-json\/wp\/v2\/types\/product"}],"replies":[{"embeddable":true,"href":"https:\/\/temposaat.com\/en\/wp-json\/wp\/v2\/comments?post=21836"}],"wp:featuredmedia":[{"embeddable":true,"href":"https:\/\/temposaat.com\/en\/wp-json\/wp\/v2\/media\/21837"}],"wp:attachment":[{"href":"https:\/\/temposaat.com\/en\/wp-json\/wp\/v2\/media?parent=21836"}],"wp:term":[{"taxonomy":"product_brand","embeddable":true,"href":"https:\/\/temposaat.com\/en\/wp-json\/wp\/v2\/product_brand?post=21836"},{"taxonomy":"product_cat","embeddable":true,"href":"https:\/\/temposaat.com\/en\/wp-json\/wp\/v2\/product_cat?post=21836"},{"taxonomy":"product_tag","embeddable":true,"href":"https:\/\/temposaat.com\/en\/wp-json\/wp\/v2\/product_tag?post=21836"}],"curies":[{"name":"wp","href":"https:\/\/api.w.org\/{rel}","templated":true}]}}