{"id":21128,"date":"2025-12-09T10:09:38","date_gmt":"2025-12-09T07:09:38","guid":{"rendered":"https:\/\/temposaat.com\/?post_type=product&#038;p=21128"},"modified":"2025-12-09T10:13:45","modified_gmt":"2025-12-09T07:13:45","slug":"103-mavi-2","status":"publish","type":"product","link":"https:\/\/temposaat.com\/en\/product\/103-mavi-2\/","title":{"rendered":"103 MAV\u0130 2"},"content":{"rendered":"<p>\u00dcr\u00fcn Ebad\u0131: 250 mm<\/p>\n<p>Akrilik Boya, Akrilik Cam<\/p>\n<p>Sesssiz Akar Mekanizma<\/p>\n<p>Kol \u0130\u00e7i Adeti : 20<\/p>\n<p>Kadran Ebad\u0131: 204 mm<\/p>","protected":false},"excerpt":{"rendered":"<p>\u00dcr\u00fcn Ebad\u0131: 250 mm Akrilik Boya, Akrilik Cam Sesssiz Akar Mekanizma Kol \u0130\u00e7i Adeti : 20 Kadran Ebad\u0131: 204 mm<\/p>","protected":false},"featured_media":0,"comment_status":"open","ping_status":"closed","template":"","meta":{"_monsterinsights_skip_tracking":false,"_monsterinsights_sitenote_active":false,"_monsterinsights_sitenote_note":"","_monsterinsights_sitenote_category":0},"product_brand":[],"product_cat":[175],"product_tag":[],"class_list":{"0":"post-21128","1":"product","2":"type-product","3":"status-publish","5":"product_cat-cocuk-saatleri","7":"first","8":"instock","9":"shipping-taxable","10":"product-type-simple","11":"add-to-wishlist-after_add_to_cart"},"aioseo_notices":[],"_links":{"self":[{"href":"https:\/\/temposaat.com\/en\/wp-json\/wp\/v2\/product\/21128","targetHints":{"allow":["GET"]}}],"collection":[{"href":"https:\/\/temposaat.com\/en\/wp-json\/wp\/v2\/product"}],"about":[{"href":"https:\/\/temposaat.com\/en\/wp-json\/wp\/v2\/types\/product"}],"replies":[{"embeddable":true,"href":"https:\/\/temposaat.com\/en\/wp-json\/wp\/v2\/comments?post=21128"}],"wp:attachment":[{"href":"https:\/\/temposaat.com\/en\/wp-json\/wp\/v2\/media?parent=21128"}],"wp:term":[{"taxonomy":"product_brand","embeddable":true,"href":"https:\/\/temposaat.com\/en\/wp-json\/wp\/v2\/product_brand?post=21128"},{"taxonomy":"product_cat","embeddable":true,"href":"https:\/\/temposaat.com\/en\/wp-json\/wp\/v2\/product_cat?post=21128"},{"taxonomy":"product_tag","embeddable":true,"href":"https:\/\/temposaat.com\/en\/wp-json\/wp\/v2\/product_tag?post=21128"}],"curies":[{"name":"wp","href":"https:\/\/api.w.org\/{rel}","templated":true}]}}