{"id":21122,"date":"2025-12-09T10:07:09","date_gmt":"2025-12-09T07:07:09","guid":{"rendered":"https:\/\/temposaat.com\/?post_type=product&#038;p=21122"},"modified":"2025-12-09T10:07:09","modified_gmt":"2025-12-09T07:07:09","slug":"102-mavi-2-2","status":"publish","type":"product","link":"https:\/\/temposaat.com\/en\/product\/102-mavi-2-2\/","title":{"rendered":"102 MAV\u0130 2"},"content":{"rendered":"<p>\u00dcr\u00fcn Ebad\u0131: 245 x 265 mm<\/p>\n<p>Akrilik Boya, Akrilik Cam<\/p>\n<p>Sesssiz Akar Mekanizma<\/p>\n<p>Kol \u0130\u00e7i Adeti : 20<\/p>\n<p>Kadran Ebad\u0131: 164 x 175 mm<\/p>","protected":false},"excerpt":{"rendered":"<p>\u00dcr\u00fcn Ebad\u0131: 245 x 265 mm Akrilik Boya, Akrilik Cam Sesssiz Akar Mekanizma Kol \u0130\u00e7i Adeti : 20 Kadran Ebad\u0131: 164 x 175 mm<\/p>","protected":false},"featured_media":21123,"comment_status":"open","ping_status":"closed","template":"","meta":{"_monsterinsights_skip_tracking":false,"_monsterinsights_sitenote_active":false,"_monsterinsights_sitenote_note":"","_monsterinsights_sitenote_category":0},"product_brand":[],"product_cat":[175],"product_tag":[],"class_list":{"0":"post-21122","1":"product","2":"type-product","3":"status-publish","4":"has-post-thumbnail","6":"product_cat-cocuk-saatleri","8":"first","9":"instock","10":"shipping-taxable","11":"product-type-simple","12":"add-to-wishlist-after_add_to_cart"},"aioseo_notices":[],"_links":{"self":[{"href":"https:\/\/temposaat.com\/en\/wp-json\/wp\/v2\/product\/21122","targetHints":{"allow":["GET"]}}],"collection":[{"href":"https:\/\/temposaat.com\/en\/wp-json\/wp\/v2\/product"}],"about":[{"href":"https:\/\/temposaat.com\/en\/wp-json\/wp\/v2\/types\/product"}],"replies":[{"embeddable":true,"href":"https:\/\/temposaat.com\/en\/wp-json\/wp\/v2\/comments?post=21122"}],"wp:featuredmedia":[{"embeddable":true,"href":"https:\/\/temposaat.com\/en\/wp-json\/wp\/v2\/media\/21123"}],"wp:attachment":[{"href":"https:\/\/temposaat.com\/en\/wp-json\/wp\/v2\/media?parent=21122"}],"wp:term":[{"taxonomy":"product_brand","embeddable":true,"href":"https:\/\/temposaat.com\/en\/wp-json\/wp\/v2\/product_brand?post=21122"},{"taxonomy":"product_cat","embeddable":true,"href":"https:\/\/temposaat.com\/en\/wp-json\/wp\/v2\/product_cat?post=21122"},{"taxonomy":"product_tag","embeddable":true,"href":"https:\/\/temposaat.com\/en\/wp-json\/wp\/v2\/product_tag?post=21122"}],"curies":[{"name":"wp","href":"https:\/\/api.w.org\/{rel}","templated":true}]}}