{"id":21107,"date":"2025-12-09T09:47:05","date_gmt":"2025-12-09T06:47:05","guid":{"rendered":"https:\/\/temposaat.com\/?post_type=product&#038;p=21107"},"modified":"2025-12-09T09:47:05","modified_gmt":"2025-12-09T06:47:05","slug":"2017-5","status":"publish","type":"product","link":"https:\/\/temposaat.com\/en\/product\/2017-5\/","title":{"rendered":"2017-5"},"content":{"rendered":"<p>\u00dcr\u00fcn Ebad\u0131: 470 x 250 mm<\/p>\n<p>Mineral Cam<\/p>\n<p>Sesssiz Akar Mekanizma<\/p>\n<p>Kol \u0130\u00e7i Adeti : 10<\/p>\n<p>Kadran Ebad\u0131: 458 x 243 mm<\/p>","protected":false},"excerpt":{"rendered":"<p>\u00dcr\u00fcn Ebad\u0131: 470 x 250 mm Mineral Cam Sesssiz Akar Mekanizma Kol \u0130\u00e7i Adeti : 10 Kadran Ebad\u0131: 458 x 243 mm<\/p>","protected":false},"featured_media":21108,"comment_status":"open","ping_status":"closed","template":"","meta":{"_monsterinsights_skip_tracking":false,"_monsterinsights_sitenote_active":false,"_monsterinsights_sitenote_note":"","_monsterinsights_sitenote_category":0},"product_brand":[],"product_cat":[172],"product_tag":[],"class_list":{"0":"post-21107","1":"product","2":"type-product","3":"status-publish","4":"has-post-thumbnail","6":"product_cat-bombeli-camli-duvar","8":"first","9":"instock","10":"shipping-taxable","11":"product-type-simple","12":"add-to-wishlist-after_add_to_cart"},"aioseo_notices":[],"_links":{"self":[{"href":"https:\/\/temposaat.com\/en\/wp-json\/wp\/v2\/product\/21107","targetHints":{"allow":["GET"]}}],"collection":[{"href":"https:\/\/temposaat.com\/en\/wp-json\/wp\/v2\/product"}],"about":[{"href":"https:\/\/temposaat.com\/en\/wp-json\/wp\/v2\/types\/product"}],"replies":[{"embeddable":true,"href":"https:\/\/temposaat.com\/en\/wp-json\/wp\/v2\/comments?post=21107"}],"wp:featuredmedia":[{"embeddable":true,"href":"https:\/\/temposaat.com\/en\/wp-json\/wp\/v2\/media\/21108"}],"wp:attachment":[{"href":"https:\/\/temposaat.com\/en\/wp-json\/wp\/v2\/media?parent=21107"}],"wp:term":[{"taxonomy":"product_brand","embeddable":true,"href":"https:\/\/temposaat.com\/en\/wp-json\/wp\/v2\/product_brand?post=21107"},{"taxonomy":"product_cat","embeddable":true,"href":"https:\/\/temposaat.com\/en\/wp-json\/wp\/v2\/product_cat?post=21107"},{"taxonomy":"product_tag","embeddable":true,"href":"https:\/\/temposaat.com\/en\/wp-json\/wp\/v2\/product_tag?post=21107"}],"curies":[{"name":"wp","href":"https:\/\/api.w.org\/{rel}","templated":true}]}}