{"id":20907,"date":"2025-12-08T22:29:44","date_gmt":"2025-12-08T19:29:44","guid":{"rendered":"https:\/\/temposaat.com\/?post_type=product&#038;p=20907"},"modified":"2025-12-09T09:59:08","modified_gmt":"2025-12-09T06:59:08","slug":"dikdortgen-bombeli-yatay-9","status":"publish","type":"product","link":"https:\/\/temposaat.com\/en\/product\/dikdortgen-bombeli-yatay-9\/","title":{"rendered":"D\u0130KD\u00d6RTGEN BOMBEL\u0130 YATAY 9"},"content":{"rendered":"<p>\u00dcr\u00fcn Ebad\u0131: 470 x 250<\/p>\n<p>Mineral Cam<\/p>\n<p>Sessiz Akar Mekanizma<\/p>\n<p>Kol \u0130\u00e7i Adeti: 10<\/p>\n<p>Kadran Ebad\u0131: 458 x 243 mm<\/p>","protected":false},"excerpt":{"rendered":"<p>\u00dcr\u00fcn Ebad\u0131: 470 x 250 Mineral Cam Sessiz Akar Mekanizma Kol \u0130\u00e7i Adeti: 10 Kadran Ebad\u0131: 458 x 243 mm<\/p>","protected":false},"featured_media":20908,"comment_status":"open","ping_status":"closed","template":"","meta":{"_monsterinsights_skip_tracking":false,"_monsterinsights_sitenote_active":false,"_monsterinsights_sitenote_note":"","_monsterinsights_sitenote_category":0},"product_brand":[],"product_cat":[174,172],"product_tag":[],"class_list":{"0":"post-20907","1":"product","2":"type-product","3":"status-publish","4":"has-post-thumbnail","6":"product_cat-bombeli-camli-duvar-saatleri","7":"product_cat-bombeli-camli-duvar","9":"first","10":"instock","11":"shipping-taxable","12":"product-type-simple","13":"add-to-wishlist-after_add_to_cart"},"aioseo_notices":[],"_links":{"self":[{"href":"https:\/\/temposaat.com\/en\/wp-json\/wp\/v2\/product\/20907","targetHints":{"allow":["GET"]}}],"collection":[{"href":"https:\/\/temposaat.com\/en\/wp-json\/wp\/v2\/product"}],"about":[{"href":"https:\/\/temposaat.com\/en\/wp-json\/wp\/v2\/types\/product"}],"replies":[{"embeddable":true,"href":"https:\/\/temposaat.com\/en\/wp-json\/wp\/v2\/comments?post=20907"}],"wp:featuredmedia":[{"embeddable":true,"href":"https:\/\/temposaat.com\/en\/wp-json\/wp\/v2\/media\/20908"}],"wp:attachment":[{"href":"https:\/\/temposaat.com\/en\/wp-json\/wp\/v2\/media?parent=20907"}],"wp:term":[{"taxonomy":"product_brand","embeddable":true,"href":"https:\/\/temposaat.com\/en\/wp-json\/wp\/v2\/product_brand?post=20907"},{"taxonomy":"product_cat","embeddable":true,"href":"https:\/\/temposaat.com\/en\/wp-json\/wp\/v2\/product_cat?post=20907"},{"taxonomy":"product_tag","embeddable":true,"href":"https:\/\/temposaat.com\/en\/wp-json\/wp\/v2\/product_tag?post=20907"}],"curies":[{"name":"wp","href":"https:\/\/api.w.org\/{rel}","templated":true}]}}