{"id":20861,"date":"2025-12-07T18:10:14","date_gmt":"2025-12-07T15:10:14","guid":{"rendered":"https:\/\/temposaat.com\/?post_type=product&#038;p=20861"},"modified":"2025-12-07T18:10:14","modified_gmt":"2025-12-07T15:10:14","slug":"dp-3004-35-cm","status":"publish","type":"product","link":"https:\/\/temposaat.com\/en\/product\/dp-3004-35-cm\/","title":{"rendered":"DP-3004-35 cm"},"content":{"rendered":"<p>\u00dcr\u00fcn Ebad\u0131: 350 mm<\/p>\n<p>Mineral Cam<\/p>\n<p>Sessiz Akar Mekanizma<\/p>\n<p>Kol \u0130\u00e7i Adeti:10<\/p>\n<p>Kadran Ebad\u0131: 341 mm<\/p>","protected":false},"excerpt":{"rendered":"<p>\u00dcr\u00fcn Ebad\u0131: 350 mm Mineral Cam Sessiz Akar Mekanizma Kol \u0130\u00e7i Adeti:10 Kadran Ebad\u0131: 341 mm<\/p>","protected":false},"featured_media":20862,"comment_status":"open","ping_status":"closed","template":"","meta":{"_monsterinsights_skip_tracking":false,"_monsterinsights_sitenote_active":false,"_monsterinsights_sitenote_note":"","_monsterinsights_sitenote_category":0},"product_brand":[],"product_cat":[173],"product_tag":[],"class_list":{"0":"post-20861","1":"product","2":"type-product","3":"status-publish","4":"has-post-thumbnail","6":"product_cat-bombeli-camli-duvar-saatleri-promosyonluk","8":"first","9":"instock","10":"shipping-taxable","11":"product-type-simple","12":"add-to-wishlist-after_add_to_cart"},"aioseo_notices":[],"_links":{"self":[{"href":"https:\/\/temposaat.com\/en\/wp-json\/wp\/v2\/product\/20861","targetHints":{"allow":["GET"]}}],"collection":[{"href":"https:\/\/temposaat.com\/en\/wp-json\/wp\/v2\/product"}],"about":[{"href":"https:\/\/temposaat.com\/en\/wp-json\/wp\/v2\/types\/product"}],"replies":[{"embeddable":true,"href":"https:\/\/temposaat.com\/en\/wp-json\/wp\/v2\/comments?post=20861"}],"wp:featuredmedia":[{"embeddable":true,"href":"https:\/\/temposaat.com\/en\/wp-json\/wp\/v2\/media\/20862"}],"wp:attachment":[{"href":"https:\/\/temposaat.com\/en\/wp-json\/wp\/v2\/media?parent=20861"}],"wp:term":[{"taxonomy":"product_brand","embeddable":true,"href":"https:\/\/temposaat.com\/en\/wp-json\/wp\/v2\/product_brand?post=20861"},{"taxonomy":"product_cat","embeddable":true,"href":"https:\/\/temposaat.com\/en\/wp-json\/wp\/v2\/product_cat?post=20861"},{"taxonomy":"product_tag","embeddable":true,"href":"https:\/\/temposaat.com\/en\/wp-json\/wp\/v2\/product_tag?post=20861"}],"curies":[{"name":"wp","href":"https:\/\/api.w.org\/{rel}","templated":true}]}}