{"id":20701,"date":"2025-12-07T14:51:44","date_gmt":"2025-12-07T11:51:44","guid":{"rendered":"https:\/\/temposaat.com\/?post_type=product&#038;p=20701"},"modified":"2025-12-07T14:51:45","modified_gmt":"2025-12-07T11:51:45","slug":"bl-3036-a-4","status":"publish","type":"product","link":"https:\/\/temposaat.com\/en\/product\/bl-3036-a-4\/","title":{"rendered":"BL-3036-A-4"},"content":{"rendered":"<p>\u00dcr\u00fcn Ebad\u0131: 320 mm<\/p>\n<p>Akrilik Boya, Mineral Cam<\/p>\n<p>Sezsiz Akar Mekanizma<\/p>\n<p>Kol \u0130\u00e7i Adeti: 10-20<\/p>\n<p>Kadran Ebad\u0131: 245 mm<\/p>","protected":false},"excerpt":{"rendered":"<p>\u00dcr\u00fcn Ebad\u0131: 320 mm Akrilik Boya, Mineral Cam Sezsiz Akar Mekanizma Kol \u0130\u00e7i Adeti: 10-20 Kadran Ebad\u0131: 245 mm<\/p>","protected":false},"featured_media":20702,"comment_status":"open","ping_status":"closed","template":"","meta":{"_monsterinsights_skip_tracking":false,"_monsterinsights_sitenote_active":false,"_monsterinsights_sitenote_note":"","_monsterinsights_sitenote_category":0},"product_brand":[],"product_cat":[170],"product_tag":[],"class_list":{"0":"post-20701","1":"product","2":"type-product","3":"status-publish","4":"has-post-thumbnail","6":"product_cat-ayetli-duvar-saatleri","8":"first","9":"instock","10":"shipping-taxable","11":"product-type-simple","12":"add-to-wishlist-after_add_to_cart"},"aioseo_notices":[],"_links":{"self":[{"href":"https:\/\/temposaat.com\/en\/wp-json\/wp\/v2\/product\/20701","targetHints":{"allow":["GET"]}}],"collection":[{"href":"https:\/\/temposaat.com\/en\/wp-json\/wp\/v2\/product"}],"about":[{"href":"https:\/\/temposaat.com\/en\/wp-json\/wp\/v2\/types\/product"}],"replies":[{"embeddable":true,"href":"https:\/\/temposaat.com\/en\/wp-json\/wp\/v2\/comments?post=20701"}],"wp:featuredmedia":[{"embeddable":true,"href":"https:\/\/temposaat.com\/en\/wp-json\/wp\/v2\/media\/20702"}],"wp:attachment":[{"href":"https:\/\/temposaat.com\/en\/wp-json\/wp\/v2\/media?parent=20701"}],"wp:term":[{"taxonomy":"product_brand","embeddable":true,"href":"https:\/\/temposaat.com\/en\/wp-json\/wp\/v2\/product_brand?post=20701"},{"taxonomy":"product_cat","embeddable":true,"href":"https:\/\/temposaat.com\/en\/wp-json\/wp\/v2\/product_cat?post=20701"},{"taxonomy":"product_tag","embeddable":true,"href":"https:\/\/temposaat.com\/en\/wp-json\/wp\/v2\/product_tag?post=20701"}],"curies":[{"name":"wp","href":"https:\/\/api.w.org\/{rel}","templated":true}]}}