{"id":20670,"date":"2025-12-07T13:35:29","date_gmt":"2025-12-07T10:35:29","guid":{"rendered":"https:\/\/temposaat.com\/?post_type=product&#038;p=20670"},"modified":"2025-12-07T13:35:29","modified_gmt":"2025-12-07T10:35:29","slug":"bl-1024-a-2","status":"publish","type":"product","link":"https:\/\/temposaat.com\/en\/product\/bl-1024-a-2\/","title":{"rendered":"BL-1024-A-2"},"content":{"rendered":"<p>\u00dcr\u00fcn Ebad\u0131: 255 x 325 mm<\/p>\n<p>Akrilik Boya, Mineral Cam<\/p>\n<p>Sezsiz Akar Mekanizma<\/p>\n<p>Kol \u0130\u00e7i Adeti: 10-20<\/p>\n<p>Kadran Ebad\u0131: 170 x 240mm<\/p>","protected":false},"excerpt":{"rendered":"<p>\u00dcr\u00fcn Ebad\u0131: 255 x 325 mm Akrilik Boya, Mineral Cam Sezsiz Akar Mekanizma Kol \u0130\u00e7i Adeti: 10-20 Kadran Ebad\u0131: 170 x 240mm<\/p>","protected":false},"featured_media":20671,"comment_status":"open","ping_status":"closed","template":"","meta":{"_monsterinsights_skip_tracking":false,"_monsterinsights_sitenote_active":false,"_monsterinsights_sitenote_note":"","_monsterinsights_sitenote_category":0},"product_brand":[],"product_cat":[170],"product_tag":[],"class_list":{"0":"post-20670","1":"product","2":"type-product","3":"status-publish","4":"has-post-thumbnail","6":"product_cat-ayetli-duvar-saatleri","8":"first","9":"instock","10":"shipping-taxable","11":"product-type-simple","12":"add-to-wishlist-after_add_to_cart"},"aioseo_notices":[],"_links":{"self":[{"href":"https:\/\/temposaat.com\/en\/wp-json\/wp\/v2\/product\/20670","targetHints":{"allow":["GET"]}}],"collection":[{"href":"https:\/\/temposaat.com\/en\/wp-json\/wp\/v2\/product"}],"about":[{"href":"https:\/\/temposaat.com\/en\/wp-json\/wp\/v2\/types\/product"}],"replies":[{"embeddable":true,"href":"https:\/\/temposaat.com\/en\/wp-json\/wp\/v2\/comments?post=20670"}],"wp:featuredmedia":[{"embeddable":true,"href":"https:\/\/temposaat.com\/en\/wp-json\/wp\/v2\/media\/20671"}],"wp:attachment":[{"href":"https:\/\/temposaat.com\/en\/wp-json\/wp\/v2\/media?parent=20670"}],"wp:term":[{"taxonomy":"product_brand","embeddable":true,"href":"https:\/\/temposaat.com\/en\/wp-json\/wp\/v2\/product_brand?post=20670"},{"taxonomy":"product_cat","embeddable":true,"href":"https:\/\/temposaat.com\/en\/wp-json\/wp\/v2\/product_cat?post=20670"},{"taxonomy":"product_tag","embeddable":true,"href":"https:\/\/temposaat.com\/en\/wp-json\/wp\/v2\/product_tag?post=20670"}],"curies":[{"name":"wp","href":"https:\/\/api.w.org\/{rel}","templated":true}]}}