{"id":20310,"date":"2025-12-06T17:40:40","date_gmt":"2025-12-06T14:40:40","guid":{"rendered":"https:\/\/temposaat.com\/?post_type=product&#038;p=20310"},"modified":"2025-12-06T17:41:01","modified_gmt":"2025-12-06T14:41:01","slug":"bl-1060-k","status":"publish","type":"product","link":"https:\/\/temposaat.com\/en\/product\/bl-1060-k\/","title":{"rendered":"BL-1060-K"},"content":{"rendered":"<p>\u00dcr\u00fcn Ebad\u0131: 320 mm<\/p>\n<p>Mineral Cam, Akar Mekanizma<\/p>\n<p>Kadrab Ebad\u0131: 245 mm<\/p>\n<p>Kol \u0130\u00e7i Adeti: 10-20<\/p>","protected":false},"excerpt":{"rendered":"<p>\u00dcr\u00fcn Ebad\u0131: 320 mm Mineral Cam, Akar Mekanizma Kadrab Ebad\u0131: 245 mm Kol \u0130\u00e7i Adeti: 10-20<\/p>","protected":false},"featured_media":0,"comment_status":"open","ping_status":"closed","template":"","meta":{"_monsterinsights_skip_tracking":false,"_monsterinsights_sitenote_active":false,"_monsterinsights_sitenote_note":"","_monsterinsights_sitenote_category":0},"product_brand":[],"product_cat":[155],"product_tag":[],"class_list":{"0":"post-20310","1":"product","2":"type-product","3":"status-publish","5":"product_cat-bellisima-renkli","7":"first","8":"instock","9":"shipping-taxable","10":"product-type-simple","11":"add-to-wishlist-after_add_to_cart"},"aioseo_notices":[],"_links":{"self":[{"href":"https:\/\/temposaat.com\/en\/wp-json\/wp\/v2\/product\/20310","targetHints":{"allow":["GET"]}}],"collection":[{"href":"https:\/\/temposaat.com\/en\/wp-json\/wp\/v2\/product"}],"about":[{"href":"https:\/\/temposaat.com\/en\/wp-json\/wp\/v2\/types\/product"}],"replies":[{"embeddable":true,"href":"https:\/\/temposaat.com\/en\/wp-json\/wp\/v2\/comments?post=20310"}],"wp:attachment":[{"href":"https:\/\/temposaat.com\/en\/wp-json\/wp\/v2\/media?parent=20310"}],"wp:term":[{"taxonomy":"product_brand","embeddable":true,"href":"https:\/\/temposaat.com\/en\/wp-json\/wp\/v2\/product_brand?post=20310"},{"taxonomy":"product_cat","embeddable":true,"href":"https:\/\/temposaat.com\/en\/wp-json\/wp\/v2\/product_cat?post=20310"},{"taxonomy":"product_tag","embeddable":true,"href":"https:\/\/temposaat.com\/en\/wp-json\/wp\/v2\/product_tag?post=20310"}],"curies":[{"name":"wp","href":"https:\/\/api.w.org\/{rel}","templated":true}]}}