{"id":20072,"date":"2025-12-06T01:47:55","date_gmt":"2025-12-05T22:47:55","guid":{"rendered":"https:\/\/temposaat.com\/?post_type=product&#038;p=20072"},"modified":"2025-12-06T01:47:56","modified_gmt":"2025-12-05T22:47:56","slug":"bl-1007-a","status":"publish","type":"product","link":"https:\/\/temposaat.com\/en\/product\/bl-1007-a\/","title":{"rendered":"BL-1007-A"},"content":{"rendered":"<p>\u00dcr\u00fcn Ebad\u0131: 310 mm<\/p>\n<p>Akrilik Boya, Mineral Cam<\/p>\n<p>Sessiz Akar Mekanizma<\/p>\n<p>Kol i\u00e7i adeti;10-20<\/p>\n<p>Kadran Ebad\u0131: 288 mm<\/p>","protected":false},"excerpt":{"rendered":"<p>\u00dcr\u00fcn Ebad\u0131: 310 mm Akrilik Boya, Mineral Cam Sessiz Akar Mekanizma Kol i\u00e7i adeti;10-20 Kadran Ebad\u0131: 288 mm<\/p>","protected":false},"featured_media":20073,"comment_status":"open","ping_status":"closed","template":"","meta":{"_monsterinsights_skip_tracking":false,"_monsterinsights_sitenote_active":false,"_monsterinsights_sitenote_note":"","_monsterinsights_sitenote_category":0},"product_brand":[],"product_cat":[155],"product_tag":[],"class_list":{"0":"post-20072","1":"product","2":"type-product","3":"status-publish","4":"has-post-thumbnail","6":"product_cat-bellisima-renkli","8":"first","9":"instock","10":"shipping-taxable","11":"product-type-simple","12":"add-to-wishlist-after_add_to_cart"},"aioseo_notices":[],"_links":{"self":[{"href":"https:\/\/temposaat.com\/en\/wp-json\/wp\/v2\/product\/20072","targetHints":{"allow":["GET"]}}],"collection":[{"href":"https:\/\/temposaat.com\/en\/wp-json\/wp\/v2\/product"}],"about":[{"href":"https:\/\/temposaat.com\/en\/wp-json\/wp\/v2\/types\/product"}],"replies":[{"embeddable":true,"href":"https:\/\/temposaat.com\/en\/wp-json\/wp\/v2\/comments?post=20072"}],"wp:featuredmedia":[{"embeddable":true,"href":"https:\/\/temposaat.com\/en\/wp-json\/wp\/v2\/media\/20073"}],"wp:attachment":[{"href":"https:\/\/temposaat.com\/en\/wp-json\/wp\/v2\/media?parent=20072"}],"wp:term":[{"taxonomy":"product_brand","embeddable":true,"href":"https:\/\/temposaat.com\/en\/wp-json\/wp\/v2\/product_brand?post=20072"},{"taxonomy":"product_cat","embeddable":true,"href":"https:\/\/temposaat.com\/en\/wp-json\/wp\/v2\/product_cat?post=20072"},{"taxonomy":"product_tag","embeddable":true,"href":"https:\/\/temposaat.com\/en\/wp-json\/wp\/v2\/product_tag?post=20072"}],"curies":[{"name":"wp","href":"https:\/\/api.w.org\/{rel}","templated":true}]}}