{"id":20068,"date":"2025-12-05T21:40:08","date_gmt":"2025-12-05T18:40:08","guid":{"rendered":"https:\/\/temposaat.com\/?post_type=product&#038;p=20068"},"modified":"2025-12-05T21:40:08","modified_gmt":"2025-12-05T18:40:08","slug":"3011-deri-desen-kirmizi-2","status":"publish","type":"product","link":"https:\/\/temposaat.com\/en\/product\/3011-deri-desen-kirmizi-2\/","title":{"rendered":"3011 Deri Desen K\u0131rm\u0131z\u0131"},"content":{"rendered":"<p>\u00dcr\u00fcn Ebad\u0131: 355 mm<\/p>\n<p>Akrilik Boya, Mineral Cam<\/p>\n<p>Sessiz Akar Mekanizma<\/p>\n<p>Kol \u0130\u00e7i Adeti: 10-20<\/p>","protected":false},"excerpt":{"rendered":"<p>\u00dcr\u00fcn Ebad\u0131: 355 mm Akrilik Boya, Mineral Cam Sessiz Akar Mekanizma Kol \u0130\u00e7i Adeti: 10-20<\/p>","protected":false},"featured_media":20069,"comment_status":"open","ping_status":"closed","template":"","meta":{"_monsterinsights_skip_tracking":false,"_monsterinsights_sitenote_active":false,"_monsterinsights_sitenote_note":"","_monsterinsights_sitenote_category":0},"product_brand":[],"product_cat":[156],"product_tag":[],"class_list":{"0":"post-20068","1":"product","2":"type-product","3":"status-publish","4":"has-post-thumbnail","6":"product_cat-3011-serisi","8":"first","9":"instock","10":"shipping-taxable","11":"product-type-simple","12":"add-to-wishlist-after_add_to_cart"},"aioseo_notices":[],"_links":{"self":[{"href":"https:\/\/temposaat.com\/en\/wp-json\/wp\/v2\/product\/20068","targetHints":{"allow":["GET"]}}],"collection":[{"href":"https:\/\/temposaat.com\/en\/wp-json\/wp\/v2\/product"}],"about":[{"href":"https:\/\/temposaat.com\/en\/wp-json\/wp\/v2\/types\/product"}],"replies":[{"embeddable":true,"href":"https:\/\/temposaat.com\/en\/wp-json\/wp\/v2\/comments?post=20068"}],"wp:featuredmedia":[{"embeddable":true,"href":"https:\/\/temposaat.com\/en\/wp-json\/wp\/v2\/media\/20069"}],"wp:attachment":[{"href":"https:\/\/temposaat.com\/en\/wp-json\/wp\/v2\/media?parent=20068"}],"wp:term":[{"taxonomy":"product_brand","embeddable":true,"href":"https:\/\/temposaat.com\/en\/wp-json\/wp\/v2\/product_brand?post=20068"},{"taxonomy":"product_cat","embeddable":true,"href":"https:\/\/temposaat.com\/en\/wp-json\/wp\/v2\/product_cat?post=20068"},{"taxonomy":"product_tag","embeddable":true,"href":"https:\/\/temposaat.com\/en\/wp-json\/wp\/v2\/product_tag?post=20068"}],"curies":[{"name":"wp","href":"https:\/\/api.w.org\/{rel}","templated":true}]}}