{"id":19977,"date":"2025-12-04T23:02:58","date_gmt":"2025-12-04T20:02:58","guid":{"rendered":"https:\/\/temposaat.com\/?post_type=product&#038;p=19977"},"modified":"2025-12-04T23:03:22","modified_gmt":"2025-12-04T20:03:22","slug":"1037-deri-desen-kirmizi","status":"publish","type":"product","link":"https:\/\/temposaat.com\/en\/product\/1037-deri-desen-kirmizi\/","title":{"rendered":"1037 Deri Desen K\u0131rm\u0131z\u0131"},"content":{"rendered":"<p>\u00dcr\u00fcn Ebad\u0131:350 mm<\/p>\n<p>Akrilik Boya, mineral cam<\/p>\n<p>Sessiz Akar Mekanizma<\/p>\n<p>Kol \u0130\u00e7i Adeti:10-20<\/p>\n<p>Kadran Ebad\u0131: 224 mm<\/p>","protected":false},"excerpt":{"rendered":"<p>\u00dcr\u00fcn Ebad\u0131:350 mm Akrilik Boya, mineral cam Sessiz Akar Mekanizma Kol \u0130\u00e7i Adeti:10-20 Kadran Ebad\u0131: 224 mm<\/p>","protected":false},"featured_media":19978,"comment_status":"open","ping_status":"closed","template":"","meta":{"_monsterinsights_skip_tracking":false,"_monsterinsights_sitenote_active":false,"_monsterinsights_sitenote_note":"","_monsterinsights_sitenote_category":0},"product_brand":[],"product_cat":[171],"product_tag":[],"class_list":{"0":"post-19977","1":"product","2":"type-product","3":"status-publish","4":"has-post-thumbnail","6":"product_cat-bellisima-bayrakli","8":"first","9":"instock","10":"shipping-taxable","11":"product-type-simple","12":"add-to-wishlist-after_add_to_cart"},"aioseo_notices":[],"_links":{"self":[{"href":"https:\/\/temposaat.com\/en\/wp-json\/wp\/v2\/product\/19977","targetHints":{"allow":["GET"]}}],"collection":[{"href":"https:\/\/temposaat.com\/en\/wp-json\/wp\/v2\/product"}],"about":[{"href":"https:\/\/temposaat.com\/en\/wp-json\/wp\/v2\/types\/product"}],"replies":[{"embeddable":true,"href":"https:\/\/temposaat.com\/en\/wp-json\/wp\/v2\/comments?post=19977"}],"wp:featuredmedia":[{"embeddable":true,"href":"https:\/\/temposaat.com\/en\/wp-json\/wp\/v2\/media\/19978"}],"wp:attachment":[{"href":"https:\/\/temposaat.com\/en\/wp-json\/wp\/v2\/media?parent=19977"}],"wp:term":[{"taxonomy":"product_brand","embeddable":true,"href":"https:\/\/temposaat.com\/en\/wp-json\/wp\/v2\/product_brand?post=19977"},{"taxonomy":"product_cat","embeddable":true,"href":"https:\/\/temposaat.com\/en\/wp-json\/wp\/v2\/product_cat?post=19977"},{"taxonomy":"product_tag","embeddable":true,"href":"https:\/\/temposaat.com\/en\/wp-json\/wp\/v2\/product_tag?post=19977"}],"curies":[{"name":"wp","href":"https:\/\/api.w.org\/{rel}","templated":true}]}}