{"id":19849,"date":"2025-11-16T18:13:54","date_gmt":"2025-11-16T15:13:54","guid":{"rendered":"https:\/\/temposaat.com\/?post_type=product&#038;p=19849"},"modified":"2025-11-16T18:13:54","modified_gmt":"2025-11-16T15:13:54","slug":"del-piero","status":"publish","type":"product","link":"https:\/\/temposaat.com\/en\/product\/del-piero\/","title":{"rendered":"Del Piero"},"content":{"rendered":"<p>\u00dcr\u00fcn Ebad\u0131: 250 mm<\/p>\n<p>Aliminyum \u00c7er\u00e7eve, Mineral cam, Sessiz akar mekanizma.<\/p>\n<p>Kol i\u00e7i adeti: 20<\/p>\n<p>Kadran Ebad\u0131: 191 mm<\/p>","protected":false},"excerpt":{"rendered":"<p>\u00dcr\u00fcn Ebad\u0131: 250 mm Aliminyum \u00c7er\u00e7eve, Mineral cam, Sessiz akar mekanizma. Kol i\u00e7i adeti: 20 Kadran Ebad\u0131: 191 mm<\/p>","protected":false},"featured_media":19850,"comment_status":"open","ping_status":"closed","template":"","meta":{"_monsterinsights_skip_tracking":false,"_monsterinsights_sitenote_active":false,"_monsterinsights_sitenote_note":"","_monsterinsights_sitenote_category":0},"product_brand":[],"product_cat":[154],"product_tag":[],"class_list":{"0":"post-19849","1":"product","2":"type-product","3":"status-publish","4":"has-post-thumbnail","6":"product_cat-aliminyum-duvar-saatleri","8":"first","9":"instock","10":"shipping-taxable","11":"product-type-simple","12":"add-to-wishlist-after_add_to_cart"},"aioseo_notices":[],"_links":{"self":[{"href":"https:\/\/temposaat.com\/en\/wp-json\/wp\/v2\/product\/19849","targetHints":{"allow":["GET"]}}],"collection":[{"href":"https:\/\/temposaat.com\/en\/wp-json\/wp\/v2\/product"}],"about":[{"href":"https:\/\/temposaat.com\/en\/wp-json\/wp\/v2\/types\/product"}],"replies":[{"embeddable":true,"href":"https:\/\/temposaat.com\/en\/wp-json\/wp\/v2\/comments?post=19849"}],"wp:featuredmedia":[{"embeddable":true,"href":"https:\/\/temposaat.com\/en\/wp-json\/wp\/v2\/media\/19850"}],"wp:attachment":[{"href":"https:\/\/temposaat.com\/en\/wp-json\/wp\/v2\/media?parent=19849"}],"wp:term":[{"taxonomy":"product_brand","embeddable":true,"href":"https:\/\/temposaat.com\/en\/wp-json\/wp\/v2\/product_brand?post=19849"},{"taxonomy":"product_cat","embeddable":true,"href":"https:\/\/temposaat.com\/en\/wp-json\/wp\/v2\/product_cat?post=19849"},{"taxonomy":"product_tag","embeddable":true,"href":"https:\/\/temposaat.com\/en\/wp-json\/wp\/v2\/product_tag?post=19849"}],"curies":[{"name":"wp","href":"https:\/\/api.w.org\/{rel}","templated":true}]}}