{"id":19841,"date":"2025-02-19T13:18:40","date_gmt":"2025-02-19T10:18:40","guid":{"rendered":"https:\/\/temposaat.com\/?post_type=product&#038;p=19841"},"modified":"2025-11-25T22:09:35","modified_gmt":"2025-11-25T19:09:35","slug":"bl1078-3","status":"publish","type":"product","link":"https:\/\/temposaat.com\/en\/product\/bl1078-3\/","title":{"rendered":"BL1078-3"},"content":{"rendered":"<p>Akrilik Boyal\u0131<br \/>\nMineral Cam<br \/>\nSessiz Akar Makine<br \/>\nOfset Kadran<br \/>\n\u00d6l\u00e7\u00fc: 30 cm<\/p>","protected":false},"excerpt":{"rendered":"<p>Akrilik Boyal\u0131 Mineral Cam Sessiz Akar Makine Ofset Kadran \u00d6l\u00e7\u00fc: 30 cm<\/p>","protected":false},"featured_media":19807,"comment_status":"open","ping_status":"closed","template":"","meta":{"_monsterinsights_skip_tracking":false,"_monsterinsights_sitenote_active":false,"_monsterinsights_sitenote_note":"","_monsterinsights_sitenote_category":0},"product_brand":[],"product_cat":[153],"product_tag":[],"class_list":{"0":"post-19841","1":"product","2":"type-product","3":"status-publish","4":"has-post-thumbnail","6":"product_cat-dk","8":"first","9":"instock","10":"shipping-taxable","11":"product-type-simple","12":"add-to-wishlist-after_add_to_cart"},"aioseo_notices":[],"_links":{"self":[{"href":"https:\/\/temposaat.com\/en\/wp-json\/wp\/v2\/product\/19841","targetHints":{"allow":["GET"]}}],"collection":[{"href":"https:\/\/temposaat.com\/en\/wp-json\/wp\/v2\/product"}],"about":[{"href":"https:\/\/temposaat.com\/en\/wp-json\/wp\/v2\/types\/product"}],"replies":[{"embeddable":true,"href":"https:\/\/temposaat.com\/en\/wp-json\/wp\/v2\/comments?post=19841"}],"wp:featuredmedia":[{"embeddable":true,"href":"https:\/\/temposaat.com\/en\/wp-json\/wp\/v2\/media\/19807"}],"wp:attachment":[{"href":"https:\/\/temposaat.com\/en\/wp-json\/wp\/v2\/media?parent=19841"}],"wp:term":[{"taxonomy":"product_brand","embeddable":true,"href":"https:\/\/temposaat.com\/en\/wp-json\/wp\/v2\/product_brand?post=19841"},{"taxonomy":"product_cat","embeddable":true,"href":"https:\/\/temposaat.com\/en\/wp-json\/wp\/v2\/product_cat?post=19841"},{"taxonomy":"product_tag","embeddable":true,"href":"https:\/\/temposaat.com\/en\/wp-json\/wp\/v2\/product_tag?post=19841"}],"curies":[{"name":"wp","href":"https:\/\/api.w.org\/{rel}","templated":true}]}}