{"id":19839,"date":"2025-02-19T13:15:09","date_gmt":"2025-02-19T10:15:09","guid":{"rendered":"https:\/\/temposaat.com\/?post_type=product&#038;p=19839"},"modified":"2025-02-19T13:15:09","modified_gmt":"2025-02-19T10:15:09","slug":"bl-1","status":"publish","type":"product","link":"https:\/\/temposaat.com\/en\/product\/bl-1\/","title":{"rendered":"BL-1"},"content":{"rendered":"<p>Akrilik Boya<br \/>\nMineral Cam<br \/>\nSessiz Akar Makine<br \/>\nOfset Kadran<br \/>\n\u00d6l\u00e7\u00fc: 30 cm<\/p>","protected":false},"excerpt":{"rendered":"<p>Akrilik Boya Mineral Cam Sessiz Akar Makine Ofset Kadran \u00d6l\u00e7\u00fc: 30 cm<\/p>","protected":false},"featured_media":19802,"comment_status":"open","ping_status":"closed","template":"","meta":{"_monsterinsights_skip_tracking":false,"_monsterinsights_sitenote_active":false,"_monsterinsights_sitenote_note":"","_monsterinsights_sitenote_category":0},"product_brand":[],"product_cat":[153],"product_tag":[],"class_list":{"0":"post-19839","1":"product","2":"type-product","3":"status-publish","4":"has-post-thumbnail","6":"product_cat-dk","8":"first","9":"instock","10":"shipping-taxable","11":"product-type-simple","12":"add-to-wishlist-after_add_to_cart"},"aioseo_notices":[],"_links":{"self":[{"href":"https:\/\/temposaat.com\/en\/wp-json\/wp\/v2\/product\/19839","targetHints":{"allow":["GET"]}}],"collection":[{"href":"https:\/\/temposaat.com\/en\/wp-json\/wp\/v2\/product"}],"about":[{"href":"https:\/\/temposaat.com\/en\/wp-json\/wp\/v2\/types\/product"}],"replies":[{"embeddable":true,"href":"https:\/\/temposaat.com\/en\/wp-json\/wp\/v2\/comments?post=19839"}],"wp:featuredmedia":[{"embeddable":true,"href":"https:\/\/temposaat.com\/en\/wp-json\/wp\/v2\/media\/19802"}],"wp:attachment":[{"href":"https:\/\/temposaat.com\/en\/wp-json\/wp\/v2\/media?parent=19839"}],"wp:term":[{"taxonomy":"product_brand","embeddable":true,"href":"https:\/\/temposaat.com\/en\/wp-json\/wp\/v2\/product_brand?post=19839"},{"taxonomy":"product_cat","embeddable":true,"href":"https:\/\/temposaat.com\/en\/wp-json\/wp\/v2\/product_cat?post=19839"},{"taxonomy":"product_tag","embeddable":true,"href":"https:\/\/temposaat.com\/en\/wp-json\/wp\/v2\/product_tag?post=19839"}],"curies":[{"name":"wp","href":"https:\/\/api.w.org\/{rel}","templated":true}]}}