{"id":19638,"date":"2024-08-13T18:43:33","date_gmt":"2024-08-13T15:43:33","guid":{"rendered":"https:\/\/temposaat.com\/?post_type=product&#038;p=19638"},"modified":"2025-11-25T21:51:34","modified_gmt":"2025-11-25T18:51:34","slug":"bellisima-1075-serisi-yesil","status":"publish","type":"product","link":"https:\/\/temposaat.com\/en\/product\/bellisima-1075-serisi-yesil\/","title":{"rendered":"Bellisima 1075 Serisi (Ye\u015fil)"},"content":{"rendered":"<p>\u00dcr\u00fcn Ebad\u0131:310 mm<\/p>\n<p>Akrilik Boya, Mineral cam<\/p>\n<p>Sessiz akar mekanizma<\/p>\n<p>Kol i\u00e7i adeti:10-20<\/p>\n<p>Kadran Ebad\u0131:228 mm<\/p>","protected":false},"excerpt":{"rendered":"<ul>\n<li>Kadran 288mm<\/li>\n<li>Ebat 300mm<\/li>\n<li>Akrilik Cam<\/li>\n<li>Akar Mekanizma<\/li>\n<li>Koli \u0130\u00e7i 10 Adet<\/li>\n<\/ul>","protected":false},"featured_media":19630,"comment_status":"open","ping_status":"closed","template":"","meta":{"_monsterinsights_skip_tracking":false,"_monsterinsights_sitenote_active":false,"_monsterinsights_sitenote_note":"","_monsterinsights_sitenote_category":0},"product_brand":[],"product_cat":[155],"product_tag":[],"class_list":{"0":"post-19638","1":"product","2":"type-product","3":"status-publish","4":"has-post-thumbnail","6":"product_cat-bellisima-renkli","8":"first","9":"instock","10":"shipping-taxable","11":"product-type-external","12":"add-to-wishlist-after_add_to_cart"},"aioseo_notices":[],"_links":{"self":[{"href":"https:\/\/temposaat.com\/en\/wp-json\/wp\/v2\/product\/19638","targetHints":{"allow":["GET"]}}],"collection":[{"href":"https:\/\/temposaat.com\/en\/wp-json\/wp\/v2\/product"}],"about":[{"href":"https:\/\/temposaat.com\/en\/wp-json\/wp\/v2\/types\/product"}],"replies":[{"embeddable":true,"href":"https:\/\/temposaat.com\/en\/wp-json\/wp\/v2\/comments?post=19638"}],"wp:featuredmedia":[{"embeddable":true,"href":"https:\/\/temposaat.com\/en\/wp-json\/wp\/v2\/media\/19630"}],"wp:attachment":[{"href":"https:\/\/temposaat.com\/en\/wp-json\/wp\/v2\/media?parent=19638"}],"wp:term":[{"taxonomy":"product_brand","embeddable":true,"href":"https:\/\/temposaat.com\/en\/wp-json\/wp\/v2\/product_brand?post=19638"},{"taxonomy":"product_cat","embeddable":true,"href":"https:\/\/temposaat.com\/en\/wp-json\/wp\/v2\/product_cat?post=19638"},{"taxonomy":"product_tag","embeddable":true,"href":"https:\/\/temposaat.com\/en\/wp-json\/wp\/v2\/product_tag?post=19638"}],"curies":[{"name":"wp","href":"https:\/\/api.w.org\/{rel}","templated":true}]}}