{"id":19532,"date":"2024-08-12T20:55:27","date_gmt":"2024-08-12T17:55:27","guid":{"rendered":"https:\/\/temposaat.com\/?post_type=product&#038;p=19532"},"modified":"2025-11-28T01:18:42","modified_gmt":"2025-11-27T22:18:42","slug":"del-piero-204-serisi-beyaz-kadran-aluminyum-1","status":"publish","type":"product","link":"https:\/\/temposaat.com\/en\/product\/del-piero-204-serisi-beyaz-kadran-aluminyum-1\/","title":{"rendered":"Del Piero 204 Serisi (Beyaz Kadran-Al\u00fcminyum 1)"},"content":{"rendered":"","protected":false},"excerpt":{"rendered":"<ul>\n<li>Kadran 375<\/li>\n<li>Ebat 400mm<\/li>\n<li>Al\u00fcminyum \u00c7er\u00e7eve<\/li>\n<li>Mineral Cam<\/li>\n<li>Akar Mekanizma<\/li>\n<li>Koli \u0130\u00e7i 10 Adet<\/li>\n<\/ul>","protected":false},"featured_media":19493,"comment_status":"open","ping_status":"closed","template":"","meta":{"_monsterinsights_skip_tracking":false,"_monsterinsights_sitenote_active":false,"_monsterinsights_sitenote_note":"","_monsterinsights_sitenote_category":0},"product_brand":[],"product_cat":[154],"product_tag":[],"class_list":{"0":"post-19532","1":"product","2":"type-product","3":"status-publish","4":"has-post-thumbnail","6":"product_cat-aliminyum-duvar-saatleri","8":"first","9":"instock","10":"shipping-taxable","11":"product-type-external","12":"add-to-wishlist-after_add_to_cart"},"aioseo_notices":[],"_links":{"self":[{"href":"https:\/\/temposaat.com\/en\/wp-json\/wp\/v2\/product\/19532","targetHints":{"allow":["GET"]}}],"collection":[{"href":"https:\/\/temposaat.com\/en\/wp-json\/wp\/v2\/product"}],"about":[{"href":"https:\/\/temposaat.com\/en\/wp-json\/wp\/v2\/types\/product"}],"replies":[{"embeddable":true,"href":"https:\/\/temposaat.com\/en\/wp-json\/wp\/v2\/comments?post=19532"}],"wp:featuredmedia":[{"embeddable":true,"href":"https:\/\/temposaat.com\/en\/wp-json\/wp\/v2\/media\/19493"}],"wp:attachment":[{"href":"https:\/\/temposaat.com\/en\/wp-json\/wp\/v2\/media?parent=19532"}],"wp:term":[{"taxonomy":"product_brand","embeddable":true,"href":"https:\/\/temposaat.com\/en\/wp-json\/wp\/v2\/product_brand?post=19532"},{"taxonomy":"product_cat","embeddable":true,"href":"https:\/\/temposaat.com\/en\/wp-json\/wp\/v2\/product_cat?post=19532"},{"taxonomy":"product_tag","embeddable":true,"href":"https:\/\/temposaat.com\/en\/wp-json\/wp\/v2\/product_tag?post=19532"}],"curies":[{"name":"wp","href":"https:\/\/api.w.org\/{rel}","templated":true}]}}