{"id":19433,"date":"2024-08-12T16:22:15","date_gmt":"2024-08-12T13:22:15","guid":{"rendered":"https:\/\/temposaat.com\/?post_type=product&#038;p=19433"},"modified":"2025-11-29T01:37:12","modified_gmt":"2025-11-28T22:37:12","slug":"del-piero-3021-serisi-gumus","status":"publish","type":"product","link":"https:\/\/temposaat.com\/en\/product\/del-piero-3021-serisi-gumus\/","title":{"rendered":"Del Piero 3021 Serisi (G\u00fcm\u00fc\u015f)"},"content":{"rendered":"","protected":false},"excerpt":{"rendered":"<ul>\n<li>Kadran 259mm<\/li>\n<li>Ebat 400mm<\/li>\n<li>Mineral Cam<\/li>\n<li>Akar Mekanizma<\/li>\n<li>Koli \u0130\u00e7i 10\/20 Adet<\/li>\n<\/ul>","protected":false},"featured_media":19416,"comment_status":"open","ping_status":"closed","template":"","meta":{"_monsterinsights_skip_tracking":false,"_monsterinsights_sitenote_active":false,"_monsterinsights_sitenote_note":"","_monsterinsights_sitenote_category":0},"product_brand":[],"product_cat":[161],"product_tag":[],"class_list":{"0":"post-19433","1":"product","2":"type-product","3":"status-publish","4":"has-post-thumbnail","6":"product_cat-del-piero-3019-serisi","8":"first","9":"instock","10":"shipping-taxable","11":"product-type-external","12":"add-to-wishlist-after_add_to_cart"},"aioseo_notices":[],"_links":{"self":[{"href":"https:\/\/temposaat.com\/en\/wp-json\/wp\/v2\/product\/19433","targetHints":{"allow":["GET"]}}],"collection":[{"href":"https:\/\/temposaat.com\/en\/wp-json\/wp\/v2\/product"}],"about":[{"href":"https:\/\/temposaat.com\/en\/wp-json\/wp\/v2\/types\/product"}],"replies":[{"embeddable":true,"href":"https:\/\/temposaat.com\/en\/wp-json\/wp\/v2\/comments?post=19433"}],"wp:featuredmedia":[{"embeddable":true,"href":"https:\/\/temposaat.com\/en\/wp-json\/wp\/v2\/media\/19416"}],"wp:attachment":[{"href":"https:\/\/temposaat.com\/en\/wp-json\/wp\/v2\/media?parent=19433"}],"wp:term":[{"taxonomy":"product_brand","embeddable":true,"href":"https:\/\/temposaat.com\/en\/wp-json\/wp\/v2\/product_brand?post=19433"},{"taxonomy":"product_cat","embeddable":true,"href":"https:\/\/temposaat.com\/en\/wp-json\/wp\/v2\/product_cat?post=19433"},{"taxonomy":"product_tag","embeddable":true,"href":"https:\/\/temposaat.com\/en\/wp-json\/wp\/v2\/product_tag?post=19433"}],"curies":[{"name":"wp","href":"https:\/\/api.w.org\/{rel}","templated":true}]}}