{"id":19390,"date":"2024-08-12T15:23:44","date_gmt":"2024-08-12T12:23:44","guid":{"rendered":"https:\/\/temposaat.com\/?post_type=product&#038;p=19390"},"modified":"2025-11-29T01:51:52","modified_gmt":"2025-11-28T22:51:52","slug":"del-piero-3017-serisi-gumus","status":"publish","type":"product","link":"https:\/\/temposaat.com\/en\/product\/del-piero-3017-serisi-gumus\/","title":{"rendered":"Del Piero 3017 Serisi (G\u00fcm\u00fc\u015f)"},"content":{"rendered":"","protected":false},"excerpt":{"rendered":"<ul>\n<li>Kadran 245mm<\/li>\n<li>Ebat 460mm<\/li>\n<li>Mineral Cam<\/li>\n<li>Akar Mekanizma<\/li>\n<li>Koli \u0130\u00e7i 10\/20 Adet<\/li>\n<\/ul>","protected":false},"featured_media":19386,"comment_status":"open","ping_status":"closed","template":"","meta":{"_monsterinsights_skip_tracking":false,"_monsterinsights_sitenote_active":false,"_monsterinsights_sitenote_note":"","_monsterinsights_sitenote_category":0},"product_brand":[],"product_cat":[164],"product_tag":[],"class_list":{"0":"post-19390","1":"product","2":"type-product","3":"status-publish","4":"has-post-thumbnail","6":"product_cat-del-piero-3017-serisi","8":"first","9":"instock","10":"shipping-taxable","11":"product-type-external","12":"add-to-wishlist-after_add_to_cart"},"aioseo_notices":[],"_links":{"self":[{"href":"https:\/\/temposaat.com\/en\/wp-json\/wp\/v2\/product\/19390","targetHints":{"allow":["GET"]}}],"collection":[{"href":"https:\/\/temposaat.com\/en\/wp-json\/wp\/v2\/product"}],"about":[{"href":"https:\/\/temposaat.com\/en\/wp-json\/wp\/v2\/types\/product"}],"replies":[{"embeddable":true,"href":"https:\/\/temposaat.com\/en\/wp-json\/wp\/v2\/comments?post=19390"}],"wp:featuredmedia":[{"embeddable":true,"href":"https:\/\/temposaat.com\/en\/wp-json\/wp\/v2\/media\/19386"}],"wp:attachment":[{"href":"https:\/\/temposaat.com\/en\/wp-json\/wp\/v2\/media?parent=19390"}],"wp:term":[{"taxonomy":"product_brand","embeddable":true,"href":"https:\/\/temposaat.com\/en\/wp-json\/wp\/v2\/product_brand?post=19390"},{"taxonomy":"product_cat","embeddable":true,"href":"https:\/\/temposaat.com\/en\/wp-json\/wp\/v2\/product_cat?post=19390"},{"taxonomy":"product_tag","embeddable":true,"href":"https:\/\/temposaat.com\/en\/wp-json\/wp\/v2\/product_tag?post=19390"}],"curies":[{"name":"wp","href":"https:\/\/api.w.org\/{rel}","templated":true}]}}