{"id":19337,"date":"2024-08-12T14:00:20","date_gmt":"2024-08-12T11:00:20","guid":{"rendered":"https:\/\/temposaat.com\/?post_type=product&#038;p=19337"},"modified":"2025-11-29T02:07:03","modified_gmt":"2025-11-28T23:07:03","slug":"del-piero-3004-serisi","status":"publish","type":"product","link":"https:\/\/temposaat.com\/en\/product\/del-piero-3004-serisi\/","title":{"rendered":"Del Piero 3004 Series"},"content":{"rendered":"","protected":false},"excerpt":{"rendered":"<ul>\n<li>\u00dcr\u00fcn Ebat\u0131 35cm<\/li>\n<li>Kadran Ebatlar\u0131 342mm<\/li>\n<li>Mineral Cam<\/li>\n<li>Sessiz Akar Mekanizma<\/li>\n<li>Koli i\u00e7i 10&#8217;lu<\/li>\n<\/ul>","protected":false},"featured_media":19338,"comment_status":"open","ping_status":"closed","template":"","meta":{"_monsterinsights_skip_tracking":false,"_monsterinsights_sitenote_active":false,"_monsterinsights_sitenote_note":"","_monsterinsights_sitenote_category":0},"product_brand":[],"product_cat":[167],"product_tag":[],"class_list":{"0":"post-19337","1":"product","2":"type-product","3":"status-publish","4":"has-post-thumbnail","6":"product_cat-del-piero-3005-serisi","8":"first","9":"instock","10":"shipping-taxable","11":"product-type-external","12":"add-to-wishlist-after_add_to_cart"},"aioseo_notices":[],"_links":{"self":[{"href":"https:\/\/temposaat.com\/en\/wp-json\/wp\/v2\/product\/19337","targetHints":{"allow":["GET"]}}],"collection":[{"href":"https:\/\/temposaat.com\/en\/wp-json\/wp\/v2\/product"}],"about":[{"href":"https:\/\/temposaat.com\/en\/wp-json\/wp\/v2\/types\/product"}],"replies":[{"embeddable":true,"href":"https:\/\/temposaat.com\/en\/wp-json\/wp\/v2\/comments?post=19337"}],"wp:featuredmedia":[{"embeddable":true,"href":"https:\/\/temposaat.com\/en\/wp-json\/wp\/v2\/media\/19338"}],"wp:attachment":[{"href":"https:\/\/temposaat.com\/en\/wp-json\/wp\/v2\/media?parent=19337"}],"wp:term":[{"taxonomy":"product_brand","embeddable":true,"href":"https:\/\/temposaat.com\/en\/wp-json\/wp\/v2\/product_brand?post=19337"},{"taxonomy":"product_cat","embeddable":true,"href":"https:\/\/temposaat.com\/en\/wp-json\/wp\/v2\/product_cat?post=19337"},{"taxonomy":"product_tag","embeddable":true,"href":"https:\/\/temposaat.com\/en\/wp-json\/wp\/v2\/product_tag?post=19337"}],"curies":[{"name":"wp","href":"https:\/\/api.w.org\/{rel}","templated":true}]}}