{"id":19333,"date":"2024-08-12T13:50:32","date_gmt":"2024-08-12T10:50:32","guid":{"rendered":"https:\/\/temposaat.com\/?post_type=product&#038;p=19333"},"modified":"2025-11-25T22:26:23","modified_gmt":"2025-11-25T19:26:23","slug":"essen-110-serisi-mavi","status":"publish","type":"product","link":"https:\/\/temposaat.com\/en\/product\/essen-110-serisi-mavi\/","title":{"rendered":"Essen 110 Serisi (Mavi)"},"content":{"rendered":"<p>\u00dcr\u00fcn Ebad\u0131:250 mm<\/p>\n<p>Akrilik Boya, Mineral cam<\/p>\n<p>Standart mekanizma<\/p>\n<p>Kol i\u00e7i adeti:20<\/p>\n<p>Kadran Ebad\u0131:221 mm<\/p>","protected":false},"excerpt":{"rendered":"<ul>\n<li>\u00dcr\u00fcn Ebat\u0131 25cm<\/li>\n<li>Kadran Ebatlar\u0131 221mm<\/li>\n<li>Mineral Cam<\/li>\n<li>Sessiz Akar Mekanizma<\/li>\n<li>Koli i\u00e7i 20&#8217;li<\/li>\n<\/ul>","protected":false},"featured_media":19636,"comment_status":"open","ping_status":"closed","template":"","meta":{"_monsterinsights_skip_tracking":false,"_monsterinsights_sitenote_active":false,"_monsterinsights_sitenote_note":"","_monsterinsights_sitenote_category":0},"product_brand":[],"product_cat":[157],"product_tag":[],"class_list":{"0":"post-19333","1":"product","2":"type-product","3":"status-publish","4":"has-post-thumbnail","6":"product_cat-essen-renkli-modeller","8":"first","9":"instock","10":"shipping-taxable","11":"product-type-external","12":"add-to-wishlist-after_add_to_cart"},"aioseo_notices":[],"_links":{"self":[{"href":"https:\/\/temposaat.com\/en\/wp-json\/wp\/v2\/product\/19333","targetHints":{"allow":["GET"]}}],"collection":[{"href":"https:\/\/temposaat.com\/en\/wp-json\/wp\/v2\/product"}],"about":[{"href":"https:\/\/temposaat.com\/en\/wp-json\/wp\/v2\/types\/product"}],"replies":[{"embeddable":true,"href":"https:\/\/temposaat.com\/en\/wp-json\/wp\/v2\/comments?post=19333"}],"wp:featuredmedia":[{"embeddable":true,"href":"https:\/\/temposaat.com\/en\/wp-json\/wp\/v2\/media\/19636"}],"wp:attachment":[{"href":"https:\/\/temposaat.com\/en\/wp-json\/wp\/v2\/media?parent=19333"}],"wp:term":[{"taxonomy":"product_brand","embeddable":true,"href":"https:\/\/temposaat.com\/en\/wp-json\/wp\/v2\/product_brand?post=19333"},{"taxonomy":"product_cat","embeddable":true,"href":"https:\/\/temposaat.com\/en\/wp-json\/wp\/v2\/product_cat?post=19333"},{"taxonomy":"product_tag","embeddable":true,"href":"https:\/\/temposaat.com\/en\/wp-json\/wp\/v2\/product_tag?post=19333"}],"curies":[{"name":"wp","href":"https:\/\/api.w.org\/{rel}","templated":true}]}}