{"id":19327,"date":"2024-08-12T13:35:42","date_gmt":"2024-08-12T10:35:42","guid":{"rendered":"https:\/\/temposaat.com\/?post_type=product&#038;p=19327"},"modified":"2025-11-25T22:16:51","modified_gmt":"2025-11-25T19:16:51","slug":"3011-serisi-yaldiz","status":"publish","type":"product","link":"https:\/\/temposaat.com\/en\/product\/3011-serisi-yaldiz\/","title":{"rendered":"3011 Serisi (Yald\u0131z)"},"content":{"rendered":"","protected":false},"excerpt":{"rendered":"<ul>\n<li>\u00dcr\u00fcn Ebat\u0131 355 mm<\/li>\n<li>Akrilik Boya<\/li>\n<li>Mineral Cam<\/li>\n<li>Sessiz Akar Mekanizma<\/li>\n<li>Koli i\u00e7i 20&#8217;li<\/li>\n<li>Serigrafi bask\u0131<\/li>\n<\/ul>","protected":false},"featured_media":19328,"comment_status":"open","ping_status":"closed","template":"","meta":{"_monsterinsights_skip_tracking":false,"_monsterinsights_sitenote_active":false,"_monsterinsights_sitenote_note":"","_monsterinsights_sitenote_category":0},"product_brand":[],"product_cat":[156],"product_tag":[],"class_list":{"0":"post-19327","1":"product","2":"type-product","3":"status-publish","4":"has-post-thumbnail","6":"product_cat-3011-serisi","8":"first","9":"instock","10":"shipping-taxable","11":"product-type-external","12":"add-to-wishlist-after_add_to_cart"},"aioseo_notices":[],"_links":{"self":[{"href":"https:\/\/temposaat.com\/en\/wp-json\/wp\/v2\/product\/19327","targetHints":{"allow":["GET"]}}],"collection":[{"href":"https:\/\/temposaat.com\/en\/wp-json\/wp\/v2\/product"}],"about":[{"href":"https:\/\/temposaat.com\/en\/wp-json\/wp\/v2\/types\/product"}],"replies":[{"embeddable":true,"href":"https:\/\/temposaat.com\/en\/wp-json\/wp\/v2\/comments?post=19327"}],"wp:featuredmedia":[{"embeddable":true,"href":"https:\/\/temposaat.com\/en\/wp-json\/wp\/v2\/media\/19328"}],"wp:attachment":[{"href":"https:\/\/temposaat.com\/en\/wp-json\/wp\/v2\/media?parent=19327"}],"wp:term":[{"taxonomy":"product_brand","embeddable":true,"href":"https:\/\/temposaat.com\/en\/wp-json\/wp\/v2\/product_brand?post=19327"},{"taxonomy":"product_cat","embeddable":true,"href":"https:\/\/temposaat.com\/en\/wp-json\/wp\/v2\/product_cat?post=19327"},{"taxonomy":"product_tag","embeddable":true,"href":"https:\/\/temposaat.com\/en\/wp-json\/wp\/v2\/product_tag?post=19327"}],"curies":[{"name":"wp","href":"https:\/\/api.w.org\/{rel}","templated":true}]}}