{"id":19278,"date":"2024-06-11T02:57:01","date_gmt":"2024-06-10T23:57:01","guid":{"rendered":"https:\/\/temposaat.com\/?page_id=19278"},"modified":"2025-12-30T22:55:01","modified_gmt":"2025-12-30T19:55:01","slug":"hakkimizda","status":"publish","type":"page","link":"https:\/\/temposaat.com\/en\/hakkimizda\/","title":{"rendered":"About Us"},"content":{"rendered":"<div data-elementor-type=\"wp-page\" data-elementor-id=\"19278\" class=\"elementor elementor-19278\">\n\t\t\t\t<div class=\"elementor-element elementor-element-8ca8459 e-flex e-con-boxed e-con e-parent\" data-id=\"8ca8459\" data-element_type=\"container\">\n\t\t\t\t\t<div class=\"e-con-inner\">\n\t\t\t\t<div class=\"elementor-element elementor-element-9c58f1b elementor-widget elementor-widget-image\" data-id=\"9c58f1b\" data-element_type=\"widget\" data-widget_type=\"image.default\">\n\t\t\t\t<div class=\"elementor-widget-container\">\n\t\t\t\t\t\t\t\t\t\t\t\t\t\t\t<img decoding=\"async\" width=\"300\" height=\"150\" src=\"https:\/\/temposaat.com\/wp-content\/uploads\/2024\/06\/Tempo-Saat-Logo-1-300x150.png\" class=\"attachment-medium size-medium wp-image-19262\" alt=\"\" srcset=\"https:\/\/temposaat.com\/wp-content\/uploads\/2024\/06\/Tempo-Saat-Logo-1-300x150.png 300w, https:\/\/temposaat.com\/wp-content\/uploads\/2024\/06\/Tempo-Saat-Logo-1-768x384.png 768w, https:\/\/temposaat.com\/wp-content\/uploads\/2024\/06\/Tempo-Saat-Logo-1-600x300.png 600w, https:\/\/temposaat.com\/wp-content\/uploads\/2024\/06\/Tempo-Saat-Logo-1.png 1024w\" sizes=\"(max-width: 300px) 100vw, 300px\" \/>\t\t\t\t\t\t\t\t\t\t\t\t\t\t\t<\/div>\n\t\t\t\t<\/div>\n\t\t\t\t\t<\/div>\n\t\t\t\t<\/div>\n\t\t<div class=\"elementor-element elementor-element-71339425 e-flex e-con-boxed e-con e-parent\" data-id=\"71339425\" data-element_type=\"container\">\n\t\t\t\t\t<div class=\"e-con-inner\">\n\t\t\t\t<div class=\"elementor-element elementor-element-7ebc037b elementor-widget elementor-widget-text-editor\" data-id=\"7ebc037b\" data-element_type=\"widget\" data-widget_type=\"text-editor.default\">\n\t\t\t\t<div class=\"elementor-widget-container\">\n\t\t\t\t\t\t\t\t\t\n<p data-path-to-node=\"3\"><b data-path-to-node=\"3\" data-index-in-node=\"0\">Yar\u0131m As\u0131rl\u0131k Tecr\u00fcbe, Zaman\u0131n \u00d6tesinde Tasar\u0131mlar<\/b><\/p>\n<p data-path-to-node=\"4\">1970 y\u0131l\u0131nda <b data-path-to-node=\"4\" data-index-in-node=\"13\">Se\u00e7kin Ticaret<\/b> ad\u0131yla ticari hayat\u0131na ba\u015flayan firmam\u0131z, bug\u00fcn 50 y\u0131l\u0131 a\u015fan tecr\u00fcbesini <b data-path-to-node=\"4\" data-index-in-node=\"101\">Tempo Elektronik Promosyon Saat Tic. Ltd. \u015eti.<\/b> \u00e7at\u0131s\u0131 alt\u0131nda s\u00fcrd\u00fcrmektedir. Kurulu\u015fumuzdan bu yana saat motoru ve saat ithalat\u0131 konusundaki uzmanl\u0131\u011f\u0131m\u0131zla sekt\u00f6re y\u00f6n verirken, d\u00fcnyaca \u00fcnl\u00fc <b data-path-to-node=\"4\" data-index-in-node=\"293\">Serkisof<\/b> markas\u0131n\u0131n T\u00fcrkiye distrib\u00fct\u00f6r\u00fc olarak kalitenin temsilcili\u011fini yap\u0131yoruz.<\/p>\n<p data-path-to-node=\"5\">Sadece ithalatla yetinmiyor, kendi b\u00fcnyemizde kurdu\u011fumuz \u00fcretim tesisimizde <b data-path-to-node=\"5\" data-index-in-node=\"76\">Essen, Bellisima<\/b> ve <b data-path-to-node=\"5\" data-index-in-node=\"96\">Del Piero<\/b> markalar\u0131m\u0131zla kol, masa ve duvar saatleri \u00fcretiyoruz. Tasar\u0131mdan \u00fcretime her a\u015famada &#8220;Toplam Kalite&#8221; ilkesiyle hareket ediyor, y\u00fcksek teknolojiyi estetikle bulu\u015fturuyoruz. Bug\u00fcn markalar\u0131m\u0131z, hem yurt i\u00e7inde hem de yurt d\u0131\u015f\u0131 pazarlar\u0131nda ba\u015far\u0131yla yer alarak T\u00fcrkiye\u2019nin \u00fcretim g\u00fcc\u00fcn\u00fc temsil etmektedir.<\/p>\n<p data-path-to-node=\"6\">Hedefimiz; \u00f6zg\u00fcn tasar\u0131mlar\u0131m\u0131z ve yenilik\u00e7i bak\u0131\u015f a\u00e7\u0131m\u0131zla, zaman\u0131n her an\u0131nda sizlere e\u015flik edecek farkl\u0131l\u0131klar sunmakt\u0131r.<\/p>\n\t\t\t\t\t\t\t\t<\/div>\n\t\t\t\t<\/div>\n\t\t\t\t\t<\/div>\n\t\t\t\t<\/div>\n\t\t\t\t<\/div>","protected":false},"excerpt":{"rendered":"<p>Yar\u0131m As\u0131rl\u0131k Tecr\u00fcbe, Zaman\u0131n \u00d6tesinde Tasar\u0131mlar 1970 y\u0131l\u0131nda Se\u00e7kin Ticaret ad\u0131yla ticari hayat\u0131na ba\u015flayan firmam\u0131z, bug\u00fcn 50 y\u0131l\u0131 a\u015fan tecr\u00fcbesini Tempo Elektronik Promosyon Saat Tic. Ltd. \u015eti. \u00e7at\u0131s\u0131 alt\u0131nda s\u00fcrd\u00fcrmektedir. Kurulu\u015fumuzdan bu yana saat motoru ve saat ithalat\u0131 konusundaki uzmanl\u0131\u011f\u0131m\u0131zla sekt\u00f6re y\u00f6n verirken, d\u00fcnyaca \u00fcnl\u00fc Serkisof markas\u0131n\u0131n T\u00fcrkiye distrib\u00fct\u00f6r\u00fc olarak kalitenin temsilcili\u011fini yap\u0131yoruz. Sadece ithalatla [&hellip;]<\/p>","protected":false},"author":1,"featured_media":0,"parent":0,"menu_order":0,"comment_status":"closed","ping_status":"closed","template":"","meta":{"_monsterinsights_skip_tracking":false,"_monsterinsights_sitenote_active":false,"_monsterinsights_sitenote_note":"","_monsterinsights_sitenote_category":0,"footnotes":""},"class_list":["post-19278","page","type-page","status-publish","hentry"],"aioseo_notices":[],"_links":{"self":[{"href":"https:\/\/temposaat.com\/en\/wp-json\/wp\/v2\/pages\/19278","targetHints":{"allow":["GET"]}}],"collection":[{"href":"https:\/\/temposaat.com\/en\/wp-json\/wp\/v2\/pages"}],"about":[{"href":"https:\/\/temposaat.com\/en\/wp-json\/wp\/v2\/types\/page"}],"author":[{"embeddable":true,"href":"https:\/\/temposaat.com\/en\/wp-json\/wp\/v2\/users\/1"}],"replies":[{"embeddable":true,"href":"https:\/\/temposaat.com\/en\/wp-json\/wp\/v2\/comments?post=19278"}],"version-history":[{"count":5,"href":"https:\/\/temposaat.com\/en\/wp-json\/wp\/v2\/pages\/19278\/revisions"}],"predecessor-version":[{"id":22150,"href":"https:\/\/temposaat.com\/en\/wp-json\/wp\/v2\/pages\/19278\/revisions\/22150"}],"wp:attachment":[{"href":"https:\/\/temposaat.com\/en\/wp-json\/wp\/v2\/media?parent=19278"}],"curies":[{"name":"wp","href":"https:\/\/api.w.org\/{rel}","templated":true}]}}